{"id":33194,"date":"2025-10-21T13:50:31","date_gmt":"2025-10-21T18:50:31","guid":{"rendered":"https:\/\/pecstalk.com\/?page_id=33194"},"modified":"2025-10-21T13:57:11","modified_gmt":"2025-10-21T18:57:11","slug":"app-privacy-policy","status":"publish","type":"page","link":"https:\/\/pecstalk.com\/pt-br\/app-privacy-policy\/","title":{"rendered":"Pol\u00edtica de Privacidade do Aplicativo"},"content":{"rendered":"<p>[et_pb_section fb_built=&#8221;1&#8243; admin_label=&#8221;section&#8221; _builder_version=&#8221;4.16&#8243; global_colors_info=&#8221;{}&#8221;][et_pb_row admin_label=&#8221;row&#8221; _builder_version=&#8221;4.16&#8243; background_size=&#8221;initial&#8221; background_position=&#8221;top_left&#8221; background_repeat=&#8221;repeat&#8221; global_colors_info=&#8221;{}&#8221;][et_pb_column type=&#8221;4_4&#8243; _builder_version=&#8221;4.16&#8243; custom_padding=&#8221;|||&#8221; global_colors_info=&#8221;{}&#8221; custom_padding__hover=&#8221;|||&#8221;][et_pb_text _builder_version=&#8221;4.27.4&#8243; _module_preset=&#8221;default&#8221; global_colors_info=&#8221;{}&#8221;]<\/p>\n<p>Esta Pol\u00edtica de Privacidade aplica-se, entre outros, \u00e0s seguintes aplica\u00e7\u00f5es: <strong>PECSTalk, PECSTalk Lite, R+ Remind, Working4, Wait4it, PECS IV+ e iHear PECS: Animals <\/strong>(coletivamente, as \u201cAplica\u00e7\u00f5es\u201d) para dispositivos iOS e\/ou Android. Esses Aplicativos s\u00e3o fornecidos pela <strong>Pyramid Group Management LLC <\/strong>e pela <strong>Pyramid Global Communication Technology LLC <\/strong>(coletivamente, \u201cPrestadores de Servi\u00e7os\u201d) como servi\u00e7os comerciais..<\/p>\n<h2><strong>1. Coleta e uso de informa\u00e7\u00f5es<\/strong><\/h2>\n<h3><strong>a. Dados pessoais<\/strong><\/h3>\n<p>Os Prestadores de Servi\u00e7os <strong>n\u00e3o coletam ou solicitam ativamente Dados Pessoais<\/strong>, como seu nome, endere\u00e7o de e-mail, informa\u00e7\u00f5es de cobran\u00e7a ou identificadores de dispositivo.<\/p>\n<p>No entanto, em certos casos, voc\u00ea pode optar por fornecer informa\u00e7\u00f5es opcionais (ex. registrar o aplicativo para obter suporte, fornecer seu e-mail para atualiza\u00e7\u00f5es do aplicativo ou material de marketing, etc.). Qualquer informa\u00e7\u00e3o que voc\u00ea fornecer voluntariamente ser\u00e1 usada apenas para os fins descritos no momento da coleta e de acordo com esta Pol\u00edtica de Privacidade.<\/p>\n<h3><strong>b. Dados coletados automaticamente<\/strong><\/h3>\n<p>Os aplicativos podem coletar automaticamente informa\u00e7\u00f5es t\u00e9cnicas e de uso limitadas, incluindo:<\/p>\n<ul>\n<li>Endere\u00e7o IP (Internet Protocol) do dispositivo (an\u00e1lise de falhas)<\/li>\n<li>Estat\u00edsticas de uso do aplicativo (p\u00e1ginas visitadas, tempo gasto, intera\u00e7\u00f5es b\u00e1sicas)<\/li>\n<li>Hardware e software do dispositivo (ex. marca e modelo, sistema operacional, etc.)<\/li>\n<li>Relat\u00f3rios de falhas ou erros<\/li>\n<\/ul>\n<p>Esses dados s\u00e3o coletados <strong>de forma an\u00f4nima e agregada <\/strong>e s\u00e3o usados apenas para melhorar a estabilidade, o desempenho e a experi\u00eancia do usu\u00e1rio do aplicativo.<\/p>\n<h2><strong>2. <\/strong><strong>Privacidade das crian\u00e7as<\/strong><\/h2>\n<p>Alguns aplicativos s\u00e3o projetados para ou podem ser usados por crian\u00e7as. Os provedores de servi\u00e7os n\u00e3o coletam, usam ou divulgam intencionalmente informa\u00e7\u00f5es pessoais de crian\u00e7as menores de 13 anos (ou a idade equivalente para consentimento digital em sua jurisdi\u00e7\u00e3o).<\/p>\n<ul>\n<li>Se descobrirmos que coletamos inadvertidamente Dados Pessoais de uma crian\u00e7a sem o consentimento verific\u00e1vel dos pais, os excluiremos imediatamente.<\/li>\n<li>Os pais ou respons\u00e1veis com d\u00favidas podem entrar em contato conosco pelo <strong>e-mail <a href=\"mailto:appsupport@pecs.com\">appsupport@pecs.com <\/a><\/strong>para revisar, atualizar ou solicitar a exclus\u00e3o das informa\u00e7\u00f5es de seus filhos.<\/li>\n<\/ul>\n<h2><strong>3. <\/strong><strong>Servi\u00e7os de terceiros<\/strong><\/h2>\n<p>Os Aplicativos podem usar servi\u00e7os de terceiros que coletam informa\u00e7\u00f5es de acordo com suas pr\u00f3prias pol\u00edticas de privacidade. Esses servi\u00e7os podem incluir, mas n\u00e3o se limitam a:<\/p>\n<ul>\n<li>Servi\u00e7os Google Play<\/li>\n<li><a href=\"https:\/\/www.apple.com\/legal\/privacy\/\" target=\"_blank\" rel=\"noopener\">Apple App Store<\/a><\/li>\n<li>Google Firebase<\/li>\n<li>Huawei AppGallery<\/li>\n<li>Google Analytics para Firebase<\/li>\n<li>Crashlytics<\/li>\n<li>Sentry.io<\/li>\n<\/ul>\n<p>Esses terceiros podem coletar dados an\u00f4nimos e agregados de uso ou falhas para nos ajudar a melhorar os Aplicativos. Nenhuma informa\u00e7\u00e3o pessoal identific\u00e1vel \u00e9 compartilhada com eles, a menos que explicitamente fornecida por voc\u00ea por meio de suas plataformas.<\/p>\n<h2><strong>4. <\/strong><strong>Compartilhamento e divulga\u00e7\u00e3o de dados<\/strong><\/h2>\n<p>Os Prestadores de Servi\u00e7os podem divulgar as informa\u00e7\u00f5es coletadas:<\/p>\n<ul>\n<li><strong>Conforme exigido por lei <\/strong>(ex. para cumprir uma intima\u00e7\u00e3o ou processo legal).<\/li>\n<li><strong>Quando necess\u00e1rio para proteger direitos ou seguran\u00e7a<\/strong>, investigar fraudes ou responder a uma solicita\u00e7\u00e3o do governo.<\/li>\n<li><strong>Os prestadores de servi\u00e7os confi\u00e1veis <\/strong>que trabalham em nosso nome, est\u00e3o sujeitos a sigilo e n\u00e3o t\u00eam permiss\u00e3o para usar as informa\u00e7\u00f5es para fins independentes.<\/li>\n<\/ul>\n<h2><strong>5. <\/strong><strong>Reten\u00e7\u00e3o de dados<\/strong><\/h2>\n<ul>\n<li><strong>Os dados coletados automaticamente <\/strong>(ex. relat\u00f3rios de falhas, an\u00e1lises) s\u00e3o retidos apenas pelo tempo necess\u00e1rio para o monitoramento e melhoria do desempenho do Aplicativo, normalmente n\u00e3o mais do que 12 meses.<\/li>\n<li><strong>Os dados opcionais fornecidos pelo usu\u00e1rio <\/strong>(ex. solicita\u00e7\u00f5es de suporte) ser\u00e3o retidos apenas pelo tempo necess\u00e1rio para fornecer o servi\u00e7o solicitado e, em seguida, exclu\u00eddos com seguran\u00e7a.<\/li>\n<li>Os usu\u00e1rios podem solicitar a exclus\u00e3o de seus dados a qualquer momento entrando em contato com <a href=\"mailto:appsupport@pecs.com\"><strong>appsupport@pecs.com<\/strong><\/a><\/li>\n<\/ul>\n<h2><strong>6. <\/strong><strong>Seguran\u00e7a<\/strong><\/h2>\n<p>Os Prestadores de Servi\u00e7os tomam as medidas t\u00e9cnicas e organizacionais adequadas para proteger suas informa\u00e7\u00f5es, incluindo:<\/p>\n<ul>\n<li>Uso de criptografia, quando aplic\u00e1vel<\/li>\n<li>Acesso restrito a dados e c\u00f3digos com base na necessidade de conhecimento<\/li>\n<li>Monitoramento regular dos sistemas para impedir o acesso n\u00e3o autorizado<\/li>\n<\/ul>\n<p>Embora nos esforcemos para proteger suas informa\u00e7\u00f5es, observe que nenhum m\u00e9todo de transmiss\u00e3o pela Internet ou m\u00e9todo de armazenamento eletr\u00f4nico \u00e9 100% seguro.<\/p>\n<h2><strong>7. <\/strong><strong>Direitos de exclus\u00e3o<\/strong><\/h2>\n<p>Voc\u00ea pode interromper toda a coleta de informa\u00e7\u00f5es desinstalando o aplicativo. Para desinstalar um aplicativo do seu dispositivo, siga as orienta\u00e7\u00f5es do fabricante. Se precisar de ajuda com isso, envie um e-mail para <a href=\"appsupport@pecs.com\">appsupport@pecs.com<\/a>.<\/p>\n<h2><strong>8. <\/strong><strong>Usu\u00e1rios internacionais<\/strong><\/h2>\n<p>Se voc\u00ea acessar os Aplicativos fora dos Estados Unidos, observe que suas informa\u00e7\u00f5es podem ser processadas e armazenadas nos EUA. Ao usar os Aplicativos, voc\u00ea concorda com a transfer\u00eancia de informa\u00e7\u00f5es para os EUA e com a aplica\u00e7\u00e3o das leis dos EUA.<\/p>\n<h2><strong>9. <\/strong><strong>Altera\u00e7\u00f5es nesta pol\u00edtica<\/strong><\/h2>\n<p>Esta Pol\u00edtica de Privacidade pode ser atualizada periodicamente. Se fizermos <strong>altera\u00e7\u00f5es significativas<\/strong>, notificaremos os usu\u00e1rios por meio dos Aplicativos, lojas de aplicativos ou outros canais apropriados. O uso continuado dos Aplicativos ap\u00f3s a publica\u00e7\u00e3o das altera\u00e7\u00f5es constituir\u00e1 aceita\u00e7\u00e3o da pol\u00edtica atualizada.<\/p>\n<h2><strong>10. <\/strong><strong>Entre em contato conosco<\/strong><\/h2>\n<p>Se voc\u00ea tiver alguma d\u00favida sobre esta Pol\u00edtica de Privacidade ou nossas pr\u00e1ticas de dados, entre em contato conosco em: <strong><a href=\"appsupport@pecs.com\">appsupport@pecs.com<\/a><\/strong><\/p>\n<p><strong>Data de vig\u00eancia:<\/strong> 16 de outubro de 2025\u200b<\/p>\n<p>[\/et_pb_text][\/et_pb_column][\/et_pb_row][\/et_pb_section]<\/p>\n","protected":false},"excerpt":{"rendered":"<p>Esta Pol\u00edtica de Privacidade aplica-se, entre outros, \u00e0s seguintes aplica\u00e7\u00f5es: PECSTalk, PECSTalk Lite, R+ Remind, Working4, Wait4it, PECS IV+ e iHear PECS: Animals (coletivamente, as \u201cAplica\u00e7\u00f5es\u201d) para dispositivos iOS e\/ou Android. Esses Aplicativos s\u00e3o fornecidos pela Pyramid Group Management LLC e pela Pyramid Global Communication Technology LLC (coletivamente, \u201cPrestadores de Servi\u00e7os\u201d) como servi\u00e7os comerciais.. 1. [&hellip;]<\/p>\n","protected":false},"author":9,"featured_media":0,"parent":0,"menu_order":0,"comment_status":"closed","ping_status":"closed","template":"","meta":{"_et_pb_use_builder":"on","_et_pb_old_content":"","_et_gb_content_width":"","footnotes":""},"class_list":["post-33194","page","type-page","status-publish","hentry"],"yoast_head":"<!-- This site is optimized with the Yoast SEO plugin v26.9 - https:\/\/yoast.com\/product\/yoast-seo-wordpress\/ -->\n<title>Pol\u00edtica de Privacidade do Aplicativo - Pyramid Educational Consultants PECSTalk<\/title>\n<meta name=\"robots\" content=\"index, follow, max-snippet:-1, max-image-preview:large, max-video-preview:-1\" \/>\n<link rel=\"canonical\" href=\"https:\/\/pecstalk.com\/pt-br\/app-privacy-policy\/\" \/>\n<meta property=\"og:locale\" content=\"pt_BR\" \/>\n<meta property=\"og:type\" content=\"article\" \/>\n<meta property=\"og:title\" content=\"Pol\u00edtica de Privacidade do Aplicativo - Pyramid Educational Consultants PECSTalk\" \/>\n<meta property=\"og:description\" content=\"Esta Pol\u00edtica de Privacidade aplica-se, entre outros, \u00e0s seguintes aplica\u00e7\u00f5es: PECSTalk, PECSTalk Lite, R+ Remind, Working4, Wait4it, PECS IV+ e iHear PECS: Animals (coletivamente, as \u201cAplica\u00e7\u00f5es\u201d) para dispositivos iOS e\/ou Android. Esses Aplicativos s\u00e3o fornecidos pela Pyramid Group Management LLC e pela Pyramid Global Communication Technology LLC (coletivamente, \u201cPrestadores de Servi\u00e7os\u201d) como servi\u00e7os comerciais.. 1. [&hellip;]\" \/>\n<meta property=\"og:url\" content=\"https:\/\/pecstalk.com\/pt-br\/app-privacy-policy\/\" \/>\n<meta property=\"og:site_name\" content=\"Pyramid Educational Consultants PECSTalk\" \/>\n<meta property=\"article:modified_time\" content=\"2025-10-21T18:57:11+00:00\" \/>\n<meta name=\"twitter:card\" content=\"summary_large_image\" \/>\n<meta name=\"twitter:label1\" content=\"Est. tempo de leitura\" \/>\n\t<meta name=\"twitter:data1\" content=\"4 minutos\" \/>\n<script type=\"application\/ld+json\" class=\"yoast-schema-graph\">{\"@context\":\"https:\/\/schema.org\",\"@graph\":[{\"@type\":\"WebPage\",\"@id\":\"https:\/\/pecstalk.com\/pt-br\/app-privacy-policy\/\",\"url\":\"https:\/\/pecstalk.com\/pt-br\/app-privacy-policy\/\",\"name\":\"Pol\u00edtica de Privacidade do Aplicativo - Pyramid Educational Consultants PECSTalk\",\"isPartOf\":{\"@id\":\"https:\/\/pecstalk.com\/pt-br\/#website\"},\"datePublished\":\"2025-10-21T18:50:31+00:00\",\"dateModified\":\"2025-10-21T18:57:11+00:00\",\"breadcrumb\":{\"@id\":\"https:\/\/pecstalk.com\/pt-br\/app-privacy-policy\/#breadcrumb\"},\"inLanguage\":\"pt-BR\",\"potentialAction\":[{\"@type\":\"ReadAction\",\"target\":[\"https:\/\/pecstalk.com\/pt-br\/app-privacy-policy\/\"]}]},{\"@type\":\"BreadcrumbList\",\"@id\":\"https:\/\/pecstalk.com\/pt-br\/app-privacy-policy\/#breadcrumb\",\"itemListElement\":[{\"@type\":\"ListItem\",\"position\":1,\"name\":\"Home\",\"item\":\"https:\/\/pecstalk.com\/pt-br\/\"},{\"@type\":\"ListItem\",\"position\":2,\"name\":\"Pol\u00edtica de Privacidade do Aplicativo\"}]},{\"@type\":\"WebSite\",\"@id\":\"https:\/\/pecstalk.com\/pt-br\/#website\",\"url\":\"https:\/\/pecstalk.com\/pt-br\/\",\"name\":\"Pyramid Educational Consultants PECSTalk\",\"description\":\"Home of the Picture Exchange Communication System\",\"potentialAction\":[{\"@type\":\"SearchAction\",\"target\":{\"@type\":\"EntryPoint\",\"urlTemplate\":\"https:\/\/pecstalk.com\/pt-br\/?s={search_term_string}\"},\"query-input\":{\"@type\":\"PropertyValueSpecification\",\"valueRequired\":true,\"valueName\":\"search_term_string\"}}],\"inLanguage\":\"pt-BR\"}]}<\/script>\n<!-- \/ Yoast SEO plugin. -->","yoast_head_json":{"title":"Pol\u00edtica de Privacidade do Aplicativo - Pyramid Educational Consultants PECSTalk","robots":{"index":"index","follow":"follow","max-snippet":"max-snippet:-1","max-image-preview":"max-image-preview:large","max-video-preview":"max-video-preview:-1"},"canonical":"https:\/\/pecstalk.com\/pt-br\/app-privacy-policy\/","og_locale":"pt_BR","og_type":"article","og_title":"Pol\u00edtica de Privacidade do Aplicativo - Pyramid Educational Consultants PECSTalk","og_description":"Esta Pol\u00edtica de Privacidade aplica-se, entre outros, \u00e0s seguintes aplica\u00e7\u00f5es: PECSTalk, PECSTalk Lite, R+ Remind, Working4, Wait4it, PECS IV+ e iHear PECS: Animals (coletivamente, as \u201cAplica\u00e7\u00f5es\u201d) para dispositivos iOS e\/ou Android. Esses Aplicativos s\u00e3o fornecidos pela Pyramid Group Management LLC e pela Pyramid Global Communication Technology LLC (coletivamente, \u201cPrestadores de Servi\u00e7os\u201d) como servi\u00e7os comerciais.. 1. [&hellip;]","og_url":"https:\/\/pecstalk.com\/pt-br\/app-privacy-policy\/","og_site_name":"Pyramid Educational Consultants PECSTalk","article_modified_time":"2025-10-21T18:57:11+00:00","twitter_card":"summary_large_image","twitter_misc":{"Est. tempo de leitura":"4 minutos"},"schema":{"@context":"https:\/\/schema.org","@graph":[{"@type":"WebPage","@id":"https:\/\/pecstalk.com\/pt-br\/app-privacy-policy\/","url":"https:\/\/pecstalk.com\/pt-br\/app-privacy-policy\/","name":"Pol\u00edtica de Privacidade do Aplicativo - Pyramid Educational Consultants PECSTalk","isPartOf":{"@id":"https:\/\/pecstalk.com\/pt-br\/#website"},"datePublished":"2025-10-21T18:50:31+00:00","dateModified":"2025-10-21T18:57:11+00:00","breadcrumb":{"@id":"https:\/\/pecstalk.com\/pt-br\/app-privacy-policy\/#breadcrumb"},"inLanguage":"pt-BR","potentialAction":[{"@type":"ReadAction","target":["https:\/\/pecstalk.com\/pt-br\/app-privacy-policy\/"]}]},{"@type":"BreadcrumbList","@id":"https:\/\/pecstalk.com\/pt-br\/app-privacy-policy\/#breadcrumb","itemListElement":[{"@type":"ListItem","position":1,"name":"Home","item":"https:\/\/pecstalk.com\/pt-br\/"},{"@type":"ListItem","position":2,"name":"Pol\u00edtica de Privacidade do Aplicativo"}]},{"@type":"WebSite","@id":"https:\/\/pecstalk.com\/pt-br\/#website","url":"https:\/\/pecstalk.com\/pt-br\/","name":"Pyramid Educational Consultants PECSTalk","description":"Home of the Picture Exchange Communication System","potentialAction":[{"@type":"SearchAction","target":{"@type":"EntryPoint","urlTemplate":"https:\/\/pecstalk.com\/pt-br\/?s={search_term_string}"},"query-input":{"@type":"PropertyValueSpecification","valueRequired":true,"valueName":"search_term_string"}}],"inLanguage":"pt-BR"}]}},"_links":{"self":[{"href":"https:\/\/pecstalk.com\/pt-br\/wp-json\/wp\/v2\/pages\/33194","targetHints":{"allow":["GET"]}}],"collection":[{"href":"https:\/\/pecstalk.com\/pt-br\/wp-json\/wp\/v2\/pages"}],"about":[{"href":"https:\/\/pecstalk.com\/pt-br\/wp-json\/wp\/v2\/types\/page"}],"author":[{"embeddable":true,"href":"https:\/\/pecstalk.com\/pt-br\/wp-json\/wp\/v2\/users\/9"}],"replies":[{"embeddable":true,"href":"https:\/\/pecstalk.com\/pt-br\/wp-json\/wp\/v2\/comments?post=33194"}],"version-history":[{"count":4,"href":"https:\/\/pecstalk.com\/pt-br\/wp-json\/wp\/v2\/pages\/33194\/revisions"}],"predecessor-version":[{"id":33204,"href":"https:\/\/pecstalk.com\/pt-br\/wp-json\/wp\/v2\/pages\/33194\/revisions\/33204"}],"wp:attachment":[{"href":"https:\/\/pecstalk.com\/pt-br\/wp-json\/wp\/v2\/media?parent=33194"}],"curies":[{"name":"wp","href":"https:\/\/api.w.org\/{rel}","templated":true}]}}