{"id":26510,"date":"2024-07-18T09:28:39","date_gmt":"2024-07-18T14:28:39","guid":{"rendered":"https:\/\/pecstalk.com\/?page_id=26510"},"modified":"2024-07-18T09:35:52","modified_gmt":"2024-07-18T14:35:52","slug":"pyramid-educational-consultants-lanseaza-pecstalk-pentru-android","status":"publish","type":"page","link":"https:\/\/pecstalk.com\/ro\/pyramid-educational-consultants-lanseaza-pecstalk-pentru-android\/","title":{"rendered":"Pyramid Educational Consultants lanseaz\u0103 PECSTalk\u2122 pentru Android"},"content":{"rendered":"<p>[et_pb_section fb_built=&#8221;1&#8243; admin_label=&#8221;section&#8221; _builder_version=&#8221;4.16&#8243; global_colors_info=&#8221;{}&#8221;][et_pb_row admin_label=&#8221;row&#8221; _builder_version=&#8221;4.16&#8243; background_size=&#8221;initial&#8221; background_position=&#8221;top_left&#8221; background_repeat=&#8221;repeat&#8221; global_colors_info=&#8221;{}&#8221;][et_pb_column type=&#8221;4_4&#8243; _builder_version=&#8221;4.16&#8243; custom_padding=&#8221;|||&#8221; global_colors_info=&#8221;{}&#8221; custom_padding__hover=&#8221;|||&#8221;][et_pb_post_title author=&#8221;off&#8221; comments=&#8221;off&#8221; featured_image=&#8221;off&#8221; _builder_version=&#8221;4.25.1&#8243; _module_preset=&#8221;default&#8221; global_colors_info=&#8221;{}&#8221;][\/et_pb_post_title][et_pb_text admin_label=&#8221;Post&#8221; _builder_version=&#8221;4.25.1&#8243; _module_preset=&#8221;default&#8221; hover_enabled=&#8221;0&#8243; global_colors_info=&#8221;{}&#8221; sticky_enabled=&#8221;0&#8243;]<\/p>\n<p><strong>U\u0219or de utilizat, Navigare prietenoas\u0103, Disponibil\u0103 \u00een 14 limbi acum \u0219i pe Android!<\/strong><\/p>\n<p>New Castle, DE (July 10, 2024) \u2013\u00a0<a href=\"http:\/\/pecs-romania.com\" target=\"_blank\" rel=\"noopener\"><strong>Pyramid Educational Consultants<\/strong><\/a> creatorii renumi\u021bi ai <a href=\"https:\/\/pecs-romania.com\/pecs\/\" target=\"_blank\" rel=\"noopener\">sistemului de comunicare Picture Exchange<\/a>\u00ae (PECS\u00ae) bazat pe dovezi, prezint\u0103 PECSTalk\u2122, o aplica\u021bie revolu\u021bionar\u0103 de comunicare alternativ\u0103 \u0219i augmentativ\u0103 (CA\/A).<\/p>\n<p><img loading=\"lazy\" decoding=\"async\" class=\" wp-image-43682 alignleft\" src=\"https:\/\/cdn.pecsusa.com\/wp-content\/uploads\/2024\/07\/03145505\/PECSTalk-App-Promo-300x249.webp\" alt=\"PECSTalk AAC app on a screen\" width=\"215\" height=\"178\" \/>Aceast\u0103 aplica\u021bie inovatoare, disponibil\u0103 acum pe tabletele Android, combin\u0103 zeci de ani de strategii bazate pe dovezi \u0219tiin\u021bifice, cu tehnologia de ultim\u0103 or\u0103, pentru a permite persoanelor s\u0103-\u0219i exprime dorin\u021bele, nevoile \u0219i observa\u021biile. Va transforma via\u021ba persoanelor cu nevoi complexe de comunicare, inclusiv a celor cu autism. Compania inten\u021bioneaz\u0103 s\u0103 \u00eenlocuiasc\u0103 o versiune anterioar\u0103 a aplica\u021biei pe iOS la sf\u00e2r\u0219itul acestui an.<\/p>\n<p><img loading=\"lazy\" decoding=\"async\" class=\" wp-image-43898 alignright\" src=\"https:\/\/cdn.pecsusa.com\/wp-content\/uploads\/2024\/07\/08161023\/PECSTalk-Promo-Dennis-WEB-7641-300x200.jpg\" alt=\"A woman looks at a tablet with a child.\" width=\"260\" height=\"173\" \/><\/p>\n<p>Suntem \u00eenc\u00e2nta\u021bi s\u0103 dezv\u0103luim <a href=\"https:\/\/www.youtube.com\/watch?v=b_i9yorhZeE\" target=\"_blank\" rel=\"noopener\">PECSTalk<\/a>\u2122, o aplica\u021bie care \u00eembin\u0103 perfect cuno\u0219tin\u021bele noastre extinse \u00een interven\u021bia de comunicare \u0219i confortul tehnologiei moderne&#8221;, a remarcat<br \/>Lori Frost, MS, CCC-SLP, co-fondator al Pyramid Educational Consultants. \u201eMisiunea noastr\u0103 este s\u0103 punem la dispozi\u021bia<br \/>Persoanelor, abilit\u0103\u021bile esen\u021biale pentru a comunica \u0219i a se angaja eficient cu mediul \u00eenconjur\u0103tor, \u00eembun\u0103t\u0103\u021bindu-le \u00een cele din urm\u0103 calitatea vie\u021bii.\u201d<\/p>\n<p>PECSTalk\u2122 este conceput pentru a r\u0103spunde nevoilor unice ale persoanelor cu provoc\u0103ri complexe de comunicare. Interfa\u021ba sa u\u0219or de utilizat \u00eencurajeaz\u0103 independen\u021ba \u0219i \u00eencrederea \u00een comunicare, ajut\u00e2nd utilizatorii s\u0103 stabileasc\u0103 abilit\u0103\u021bile esen\u021biale pentru a se descurca \u00een via\u021b\u0103 at\u00e2t \u00een prezent c\u00e2t \u0219i \u00een viitor. Conceptul unic al aplica\u021biei PECSTalk necesit\u0103 mai pu\u021bini pa\u0219i dec\u00e2t alte aplica\u021bii pentru a construi \u0219i a rosti un mesaj, rezult\u00e2nd astfel o comunicare mai frecvent\u0103, mai pu\u021bin\u0103 frustrare \u0219i mai pu\u021bin abandon al aplica\u021biei.<\/p>\n<p>Aplica\u021bia ofer\u0103 op\u021biuni de personalizare, oferind acces la biblioteca complet\u0103 de imagini Pics for PECS\u00ae, op\u021biuni pentru ie\u0219ire vocal\u0103 personalizabil\u0103 \u0219i suport pentru diferite limbi. PECSTalk\u2122 permite utilizatorilor s\u0103 \u00ee\u0219i personalizeze experien\u021ba de comunicare, asigur\u00e2nd implicarea \u0219i \u00een\u021belegerea optime pe baza nevoilor individuale ale persoanei.<\/p>\n<p><img loading=\"lazy\" decoding=\"async\" class=\" wp-image-43899 alignleft\" src=\"https:\/\/cdn.pecsusa.com\/wp-content\/uploads\/2024\/07\/08161249\/PECSTalk-Dennis-3488-300x200.jpg\" alt=\"A young boy uses a communication app on a tablet\" width=\"233\" height=\"155\" \/>PECSTalk\u2122 faciliteaz\u0103 construirea Bandei de Propozi\u021bie\u2122 cu mai multe imagini printr-o pagin\u0103 dedicat\u0103 \u00cenceputurilor de Propozi\u021bie\u2122. Utilizatorii pot crea p\u00e2n\u0103 la 30 de pagini digitale per carte PECS, folosind func\u021bionalitatea vocal\u0103 din aplica\u021bie. Afi\u0219ajul digital intuitiv oglinde\u0219te aspectul unei <a href=\"https:\/\/pecs-romania.com\/shop\/car-te-de-comunicare-pecs\/\" target=\"_blank\" rel=\"noopener\">c\u0103r\u021bi tradi\u021bionale de comunicare<\/a> PECS, \u00een timp ce g\u0103zduie\u0219te vocabularul extins al unui dispozitiv de generare a vorbirii (SGD). Utilizatorii pot crea copii de rezerv\u0103, transfera date \u0219i pot partaja c\u0103r\u021bi pe dispozitive \u0219i platforme.<\/p>\n<p><img loading=\"lazy\" decoding=\"async\" class=\" wp-image-43900 alignright\" src=\"https:\/\/cdn.pecsusa.com\/wp-content\/uploads\/2024\/07\/08161428\/PECSTalk-Promo-Dennis-WEB-7673crop-232x300.jpg\" alt=\"A boy is pushed in a wheelchair by his mother while holding a tablet with AAC app to communicate\" width=\"146\" height=\"189\" \/>Cu PECSTalk\u2122, persoanele pot formula cereri, pot r\u0103spunde sau pune \u00eentreb\u0103ri, pot comenta \u0219i exprima sentimente. Prin conversia imaginilor \u0219i textului \u00een limbaj vorbit, aplica\u021bia permite persoanelor f\u0103r\u0103 limbaj s\u0103 participe activ \u0219i pe deplin \u00een mediile \u0219colare, acas\u0103, profesionale \u0219i comunitare, \u00eencuraj\u00e2nd incluziunea \u0219i abilitarea.<\/p>\n<p>PECSTalk\u2122 permite \u00eengrijitorilor \u0219i educatorilor s\u0103 creeze copii de rezerv\u0103, s\u0103 transfere date \u0219i s\u0103 partajeze c\u0103r\u021bi pe dispozitive \u0219i platforme. PECSTalk\u2122 suport\u0103 14 limbi \u0219i voci, permi\u021b\u00e2nd crearea de c\u0103r\u021bi bilingve. Compania va actualiza aplica\u021bia disponibil\u0103 deja \u00een iOS mai t\u00e2rziu \u00een acest an.<\/p>\n<p>Pyramid Educational Consultants \u00ee\u0219i men\u021bine angajamentul de a promova sprijinul de comunicare pentru persoanele cu autism \u0219i nevoi complexe de comunicare, iar PECSTalk\u2122 reprezint\u0103 o dovad\u0103 a devotamentului lor fa\u021b\u0103 de inova\u021bie \u0219i incluziune.<\/p>\n<p>O versiune gratuit\u0103 a PECSTalk\u2122 este disponibil\u0103 pentru func\u021bionalitate limitat\u0103. Pentru mai multe informa\u021bii despre PECSTalk\u2122, vizita\u021bi <a href=\"http:\/\/www.pecstalk.com\">www.pecstalk.com<\/a>\u00a0<\/p>\n<p>\u00centreb\u0103rile pot fi trimise prin e-mail la: <a href=\"mailto:apps@pecs.com\" target=\"_blank\" rel=\"noopener\">apps@pecs.com\u00a0<\/a><\/p>\n<p>[\/et_pb_text][\/et_pb_column][\/et_pb_row][\/et_pb_section]<\/p>\n","protected":false},"excerpt":{"rendered":"<p>U\u0219or de utilizat, Navigare prietenoas\u0103, Disponibil\u0103 \u00een 14 limbi acum \u0219i pe Android! New Castle, DE (July 10, 2024) \u2013\u00a0Pyramid Educational Consultants creatorii renumi\u021bi ai sistemului de comunicare Picture Exchange\u00ae (PECS\u00ae) bazat pe dovezi, prezint\u0103 PECSTalk\u2122, o aplica\u021bie revolu\u021bionar\u0103 de comunicare alternativ\u0103 \u0219i augmentativ\u0103 (CA\/A). Aceast\u0103 aplica\u021bie inovatoare, disponibil\u0103 acum pe tabletele Android, combin\u0103 zeci [&hellip;]<\/p>\n","protected":false},"author":9,"featured_media":0,"parent":0,"menu_order":0,"comment_status":"closed","ping_status":"closed","template":"","meta":{"_et_pb_use_builder":"on","_et_pb_old_content":"<p>[et_pb_section fb_built=\"1\" admin_label=\"section\" _builder_version=\"4.16\" global_colors_info=\"{}\"][et_pb_row admin_label=\"row\" _builder_version=\"4.16\" background_size=\"initial\" background_position=\"top_left\" background_repeat=\"repeat\" global_colors_info=\"{}\"][et_pb_column type=\"4_4\" _builder_version=\"4.16\" custom_padding=\"|||\" global_colors_info=\"{}\" custom_padding__hover=\"|||\"][et_pb_post_title author=\"off\" comments=\"off\" featured_image=\"off\" _builder_version=\"4.25.1\" _module_preset=\"default\" global_colors_info=\"{}\"][\/et_pb_post_title][et_pb_text admin_label=\"Post\" _builder_version=\"4.25.1\" _module_preset=\"default\" hover_enabled=\"0\" global_colors_info=\"{}\" sticky_enabled=\"0\"]<\/p><p><strong>PECSTalk\u2122 is Easy-to-use, User-Friendly Navigation, Available in 14 Languages!<\/strong><\/p><p><span style=\"font-weight: 400;\">New Castle, DE (July 10, 2024) \u2013 <\/span><a href=\"https:\/\/pecsusa.com\/\" target=\"_blank\" rel=\"noopener\"><span style=\"font-weight: 400;\">Pyramid Educational Consultants<\/span><\/a><span style=\"font-weight: 400;\">, renowned creators of the evidence-based <a href=\"https:\/\/pecsusa.com\/pecs\/\" target=\"_blank\" rel=\"noopener\">Picture Exchange Communication System<\/a><\/span><span style=\"font-weight: 400;\">\u00ae<\/span><span style=\"font-weight: 400;\"> (PECS<\/span><span style=\"font-weight: 400;\">\u00ae<\/span><span style=\"font-weight: 400;\">), introduces <\/span><a href=\"https:\/\/pecstalk.com\/\" target=\"_blank\" rel=\"noopener\"><span style=\"font-weight: 400;\">PECSTalk\u2122<\/span><\/a><span style=\"font-weight: 400;\">, a groundbreaking augmentative and alternative communication (AAC) app.\u00a0<\/span><\/p><p><span style=\"font-weight: 400;\"><img class=\" wp-image-43682 alignleft\" src=\"https:\/\/cdn.pecsusa.com\/wp-content\/uploads\/2024\/07\/03145505\/PECSTalk-App-Promo-300x249.webp\" alt=\"PECSTalk AAC app on a screen\" width=\"215\" height=\"178\" \/>This innovative app, available now on Android tablets, combines decades of evidence-based, proven strategies with cutting-edge technology to empower individuals to express their wants, needs, and observations and will transform the lives of individuals with complex communication needs, including those on the autism spectrum.\u00a0\u00a0<\/span><\/p><p><span style=\"font-weight: 400;\"><img class=\" wp-image-43898 alignright\" src=\"https:\/\/cdn.pecsusa.com\/wp-content\/uploads\/2024\/07\/08161023\/PECSTalk-Promo-Dennis-WEB-7641-300x200.jpg\" alt=\"A woman looks at a tablet with a child.\" width=\"260\" height=\"173\" \/>\u00a0<\/span><span style=\"font-weight: 400;\">\u201cWe are thrilled to unveil <\/span><a href=\"https:\/\/www.youtube.com\/watch?v=b_i9yorhZeE\" target=\"_blank\" rel=\"noopener\"><span style=\"font-weight: 400;\">PECSTalk\u2122<\/span><\/a><span style=\"font-weight: 400;\">, an app that seamlessly merges our extensive knowledge in communication intervention with the convenience of modern technology,\u201d remarked <a href=\"https:\/\/pecsusa.com\/our-team\/\" target=\"_blank\" rel=\"noopener\">Lori Frost<\/a>, MS, CCC-SLP, Co-Founder of Pyramid Educational Consultants. \u201cOur mission is to equip learners with the essential skills to effectively communicate and engage with their surroundings, ultimately enhancing their quality of life.\u201d<\/span><\/p><p><span style=\"font-weight: 400;\">PECSTalk\u2122 is tailored to meet the unique needs of learners with complex communication challenges. Its user-friendly interface encourages independence and confidence in communication, helping individuals establish essential skills to navigate life in the present and the future. PECSTalk\u2019s unique design requires fewer steps than other apps to build and speak a message, resulting in less frustration, more frequent communication, and less abandonment of the app.<\/span><\/p><p><span style=\"font-weight: 400;\">The app offers customization options, featuring access to the comprehensive Pics for PECS<\/span><span style=\"font-weight: 400;\">\u00ae<\/span><span style=\"font-weight: 400;\"> image library, options for customizable voice output, and support for various languages. PECSTalk\u2122 empowers users to personalize their communication experience, ensuring optimal engagement and comprehension based on individual learner\u2019s needs.<\/span><\/p><p><span style=\"font-weight: 400;\"><img class=\" wp-image-43899 alignleft\" src=\"https:\/\/cdn.pecsusa.com\/wp-content\/uploads\/2024\/07\/08161249\/PECSTalk-Dennis-3488-300x200.jpg\" alt=\"A young boy uses a communication app on a tablet\" width=\"233\" height=\"155\" \/>PECSTalk\u2122 facilitates the construction of multi-picture Sentence Strips\u2122 through a dedicated Sentence Starter\u2122 page. Users can create up to 30 digital PECS book pages using the in-app voice functionality. The intuitive digital display mirrors the layout of a traditional <a href=\"https:\/\/pecsusa.com\/shop\/communication-book\/#tab-description\" target=\"_blank\" rel=\"noopener\">PECS Communication Book<\/a> while accommodating the expanded vocabulary of a Speech-Generating Device (SGD). Users can create back-ups, transfer data, and share books across devices and platforms.\u00a0<\/span><\/p><p><span style=\"font-weight: 400;\"><img class=\" wp-image-43900 alignright\" src=\"https:\/\/cdn.pecsusa.com\/wp-content\/uploads\/2024\/07\/08161428\/PECSTalk-Promo-Dennis-WEB-7673crop-232x300.jpg\" alt=\"A boy is pushed in a wheelchair by his mother while holding a tablet with AAC app to communicate\" width=\"146\" height=\"189\" \/>With PECSTalk\u2122, learners can seamlessly make requests, respond to or ask questions,\u00a0 comment, and express feelings.\u00a0 By converting images and text into spoken language, the app enables non-speaking individuals to actively and fully participate in school, home, vocational, and community environments, fostering inclusivity and empowerment.<\/span><\/p><p><span style=\"font-weight: 400;\">PECSTalk\u2122 now allows caregivers and educators to create back-ups, transfer data, and share books across devices and platforms. PECSTalk\u2122 supports 14 languages and voices, enabling the creation of bilingual books. The company will update the iOS app later this year. <\/span><\/p><p><span style=\"font-weight: 400;\">Pyramid Educational Consultants remains committed to advancing communication support for individuals with autism and complex communication needs, and PECSTalk\u2122 stands as a testament to their dedication to innovation and inclusivity.\u00a0<\/span><\/p><p><span style=\"font-weight: 400;\">A free version of PECSTalk\u2122 is available for limited functionality. For more information about PECSTalk\u2122, visit <\/span><a href=\"http:\/\/www.pecstalk.com\"><span style=\"font-weight: 400;\">www.pecstalk.com<\/span><\/a><span style=\"font-weight: 400;\">\u00a0<\/span><\/p><p>Questions may be emailed to: <a href=\"mailto:apps@pecs.com\" target=\"_blank\" rel=\"noopener\">apps@pecs.com\u00a0<\/a><\/p><p>[\/et_pb_text][\/et_pb_column][\/et_pb_row][\/et_pb_section]<\/p>","_et_gb_content_width":"","footnotes":""},"class_list":["post-26510","page","type-page","status-publish","hentry"],"yoast_head":"<!-- This site is optimized with the Yoast SEO plugin v26.9 - https:\/\/yoast.com\/product\/yoast-seo-wordpress\/ -->\n<title>Pyramid Educational Consultants lanseaz\u0103 PECSTalk\u2122 pentru Android - Pyramid Educational Consultants PECSTalk<\/title>\n<meta name=\"robots\" content=\"index, follow, max-snippet:-1, max-image-preview:large, max-video-preview:-1\" \/>\n<link rel=\"canonical\" href=\"https:\/\/pecstalk.com\/ro\/pyramid-educational-consultants-lanseaza-pecstalk-pentru-android\/\" \/>\n<meta property=\"og:locale\" content=\"ro_RO\" \/>\n<meta property=\"og:type\" content=\"article\" \/>\n<meta property=\"og:title\" content=\"Pyramid Educational Consultants lanseaz\u0103 PECSTalk\u2122 pentru Android - Pyramid Educational Consultants PECSTalk\" \/>\n<meta property=\"og:description\" content=\"U\u0219or de utilizat, Navigare prietenoas\u0103, Disponibil\u0103 \u00een 14 limbi acum \u0219i pe Android! New Castle, DE (July 10, 2024) \u2013\u00a0Pyramid Educational Consultants creatorii renumi\u021bi ai sistemului de comunicare Picture Exchange\u00ae (PECS\u00ae) bazat pe dovezi, prezint\u0103 PECSTalk\u2122, o aplica\u021bie revolu\u021bionar\u0103 de comunicare alternativ\u0103 \u0219i augmentativ\u0103 (CA\/A). Aceast\u0103 aplica\u021bie inovatoare, disponibil\u0103 acum pe tabletele Android, combin\u0103 zeci [&hellip;]\" \/>\n<meta property=\"og:url\" content=\"https:\/\/pecstalk.com\/ro\/pyramid-educational-consultants-lanseaza-pecstalk-pentru-android\/\" \/>\n<meta property=\"og:site_name\" content=\"Pyramid Educational Consultants PECSTalk\" \/>\n<meta property=\"article:modified_time\" content=\"2024-07-18T14:35:52+00:00\" \/>\n<meta property=\"og:image\" content=\"https:\/\/cdn.pecsusa.com\/wp-content\/uploads\/2024\/07\/03145505\/PECSTalk-App-Promo-300x249.webp\" \/>\n<meta name=\"twitter:card\" content=\"summary_large_image\" \/>\n<meta name=\"twitter:label1\" content=\"Timp estimat pentru citire\" \/>\n\t<meta name=\"twitter:data1\" content=\"4 minute\" \/>\n<script type=\"application\/ld+json\" class=\"yoast-schema-graph\">{\"@context\":\"https:\/\/schema.org\",\"@graph\":[{\"@type\":\"WebPage\",\"@id\":\"https:\/\/pecstalk.com\/ro\/pyramid-educational-consultants-lanseaza-pecstalk-pentru-android\/\",\"url\":\"https:\/\/pecstalk.com\/ro\/pyramid-educational-consultants-lanseaza-pecstalk-pentru-android\/\",\"name\":\"Pyramid Educational Consultants lanseaz\u0103 PECSTalk\u2122 pentru Android - Pyramid Educational Consultants PECSTalk\",\"isPartOf\":{\"@id\":\"https:\/\/pecstalk.com\/ro\/#website\"},\"primaryImageOfPage\":{\"@id\":\"https:\/\/pecstalk.com\/ro\/pyramid-educational-consultants-lanseaza-pecstalk-pentru-android\/#primaryimage\"},\"image\":{\"@id\":\"https:\/\/pecstalk.com\/ro\/pyramid-educational-consultants-lanseaza-pecstalk-pentru-android\/#primaryimage\"},\"thumbnailUrl\":\"https:\/\/cdn.pecsusa.com\/wp-content\/uploads\/2024\/07\/03145505\/PECSTalk-App-Promo-300x249.webp\",\"datePublished\":\"2024-07-18T14:28:39+00:00\",\"dateModified\":\"2024-07-18T14:35:52+00:00\",\"breadcrumb\":{\"@id\":\"https:\/\/pecstalk.com\/ro\/pyramid-educational-consultants-lanseaza-pecstalk-pentru-android\/#breadcrumb\"},\"inLanguage\":\"ro-RO\",\"potentialAction\":[{\"@type\":\"ReadAction\",\"target\":[\"https:\/\/pecstalk.com\/ro\/pyramid-educational-consultants-lanseaza-pecstalk-pentru-android\/\"]}]},{\"@type\":\"ImageObject\",\"inLanguage\":\"ro-RO\",\"@id\":\"https:\/\/pecstalk.com\/ro\/pyramid-educational-consultants-lanseaza-pecstalk-pentru-android\/#primaryimage\",\"url\":\"https:\/\/cdn.pecsusa.com\/wp-content\/uploads\/2024\/07\/03145505\/PECSTalk-App-Promo-300x249.webp\",\"contentUrl\":\"https:\/\/cdn.pecsusa.com\/wp-content\/uploads\/2024\/07\/03145505\/PECSTalk-App-Promo-300x249.webp\"},{\"@type\":\"BreadcrumbList\",\"@id\":\"https:\/\/pecstalk.com\/ro\/pyramid-educational-consultants-lanseaza-pecstalk-pentru-android\/#breadcrumb\",\"itemListElement\":[{\"@type\":\"ListItem\",\"position\":1,\"name\":\"Home\",\"item\":\"https:\/\/pecstalk.com\/ro\/\"},{\"@type\":\"ListItem\",\"position\":2,\"name\":\"Pyramid Educational Consultants lanseaz\u0103 PECSTalk\u2122 pentru Android\"}]},{\"@type\":\"WebSite\",\"@id\":\"https:\/\/pecstalk.com\/ro\/#website\",\"url\":\"https:\/\/pecstalk.com\/ro\/\",\"name\":\"Pyramid Educational Consultants PECSTalk\",\"description\":\"Home of the Picture Exchange Communication System\",\"potentialAction\":[{\"@type\":\"SearchAction\",\"target\":{\"@type\":\"EntryPoint\",\"urlTemplate\":\"https:\/\/pecstalk.com\/ro\/?s={search_term_string}\"},\"query-input\":{\"@type\":\"PropertyValueSpecification\",\"valueRequired\":true,\"valueName\":\"search_term_string\"}}],\"inLanguage\":\"ro-RO\"}]}<\/script>\n<!-- \/ Yoast SEO plugin. -->","yoast_head_json":{"title":"Pyramid Educational Consultants lanseaz\u0103 PECSTalk\u2122 pentru Android - Pyramid Educational Consultants PECSTalk","robots":{"index":"index","follow":"follow","max-snippet":"max-snippet:-1","max-image-preview":"max-image-preview:large","max-video-preview":"max-video-preview:-1"},"canonical":"https:\/\/pecstalk.com\/ro\/pyramid-educational-consultants-lanseaza-pecstalk-pentru-android\/","og_locale":"ro_RO","og_type":"article","og_title":"Pyramid Educational Consultants lanseaz\u0103 PECSTalk\u2122 pentru Android - Pyramid Educational Consultants PECSTalk","og_description":"U\u0219or de utilizat, Navigare prietenoas\u0103, Disponibil\u0103 \u00een 14 limbi acum \u0219i pe Android! New Castle, DE (July 10, 2024) \u2013\u00a0Pyramid Educational Consultants creatorii renumi\u021bi ai sistemului de comunicare Picture Exchange\u00ae (PECS\u00ae) bazat pe dovezi, prezint\u0103 PECSTalk\u2122, o aplica\u021bie revolu\u021bionar\u0103 de comunicare alternativ\u0103 \u0219i augmentativ\u0103 (CA\/A). Aceast\u0103 aplica\u021bie inovatoare, disponibil\u0103 acum pe tabletele Android, combin\u0103 zeci [&hellip;]","og_url":"https:\/\/pecstalk.com\/ro\/pyramid-educational-consultants-lanseaza-pecstalk-pentru-android\/","og_site_name":"Pyramid Educational Consultants PECSTalk","article_modified_time":"2024-07-18T14:35:52+00:00","og_image":[{"url":"https:\/\/cdn.pecsusa.com\/wp-content\/uploads\/2024\/07\/03145505\/PECSTalk-App-Promo-300x249.webp","type":"","width":"","height":""}],"twitter_card":"summary_large_image","twitter_misc":{"Timp estimat pentru citire":"4 minute"},"schema":{"@context":"https:\/\/schema.org","@graph":[{"@type":"WebPage","@id":"https:\/\/pecstalk.com\/ro\/pyramid-educational-consultants-lanseaza-pecstalk-pentru-android\/","url":"https:\/\/pecstalk.com\/ro\/pyramid-educational-consultants-lanseaza-pecstalk-pentru-android\/","name":"Pyramid Educational Consultants lanseaz\u0103 PECSTalk\u2122 pentru Android - Pyramid Educational Consultants PECSTalk","isPartOf":{"@id":"https:\/\/pecstalk.com\/ro\/#website"},"primaryImageOfPage":{"@id":"https:\/\/pecstalk.com\/ro\/pyramid-educational-consultants-lanseaza-pecstalk-pentru-android\/#primaryimage"},"image":{"@id":"https:\/\/pecstalk.com\/ro\/pyramid-educational-consultants-lanseaza-pecstalk-pentru-android\/#primaryimage"},"thumbnailUrl":"https:\/\/cdn.pecsusa.com\/wp-content\/uploads\/2024\/07\/03145505\/PECSTalk-App-Promo-300x249.webp","datePublished":"2024-07-18T14:28:39+00:00","dateModified":"2024-07-18T14:35:52+00:00","breadcrumb":{"@id":"https:\/\/pecstalk.com\/ro\/pyramid-educational-consultants-lanseaza-pecstalk-pentru-android\/#breadcrumb"},"inLanguage":"ro-RO","potentialAction":[{"@type":"ReadAction","target":["https:\/\/pecstalk.com\/ro\/pyramid-educational-consultants-lanseaza-pecstalk-pentru-android\/"]}]},{"@type":"ImageObject","inLanguage":"ro-RO","@id":"https:\/\/pecstalk.com\/ro\/pyramid-educational-consultants-lanseaza-pecstalk-pentru-android\/#primaryimage","url":"https:\/\/cdn.pecsusa.com\/wp-content\/uploads\/2024\/07\/03145505\/PECSTalk-App-Promo-300x249.webp","contentUrl":"https:\/\/cdn.pecsusa.com\/wp-content\/uploads\/2024\/07\/03145505\/PECSTalk-App-Promo-300x249.webp"},{"@type":"BreadcrumbList","@id":"https:\/\/pecstalk.com\/ro\/pyramid-educational-consultants-lanseaza-pecstalk-pentru-android\/#breadcrumb","itemListElement":[{"@type":"ListItem","position":1,"name":"Home","item":"https:\/\/pecstalk.com\/ro\/"},{"@type":"ListItem","position":2,"name":"Pyramid Educational Consultants lanseaz\u0103 PECSTalk\u2122 pentru Android"}]},{"@type":"WebSite","@id":"https:\/\/pecstalk.com\/ro\/#website","url":"https:\/\/pecstalk.com\/ro\/","name":"Pyramid Educational Consultants PECSTalk","description":"Home of the Picture Exchange Communication System","potentialAction":[{"@type":"SearchAction","target":{"@type":"EntryPoint","urlTemplate":"https:\/\/pecstalk.com\/ro\/?s={search_term_string}"},"query-input":{"@type":"PropertyValueSpecification","valueRequired":true,"valueName":"search_term_string"}}],"inLanguage":"ro-RO"}]}},"_links":{"self":[{"href":"https:\/\/pecstalk.com\/ro\/wp-json\/wp\/v2\/pages\/26510","targetHints":{"allow":["GET"]}}],"collection":[{"href":"https:\/\/pecstalk.com\/ro\/wp-json\/wp\/v2\/pages"}],"about":[{"href":"https:\/\/pecstalk.com\/ro\/wp-json\/wp\/v2\/types\/page"}],"author":[{"embeddable":true,"href":"https:\/\/pecstalk.com\/ro\/wp-json\/wp\/v2\/users\/9"}],"replies":[{"embeddable":true,"href":"https:\/\/pecstalk.com\/ro\/wp-json\/wp\/v2\/comments?post=26510"}],"version-history":[{"count":3,"href":"https:\/\/pecstalk.com\/ro\/wp-json\/wp\/v2\/pages\/26510\/revisions"}],"predecessor-version":[{"id":26514,"href":"https:\/\/pecstalk.com\/ro\/wp-json\/wp\/v2\/pages\/26510\/revisions\/26514"}],"wp:attachment":[{"href":"https:\/\/pecstalk.com\/ro\/wp-json\/wp\/v2\/media?parent=26510"}],"curies":[{"name":"wp","href":"https:\/\/api.w.org\/{rel}","templated":true}]}}